{"id":35,"date":"2020-04-13T11:18:54","date_gmt":"2020-04-13T11:18:54","guid":{"rendered":"http:\/\/blog.paoloargento.com\/home\/"},"modified":"2020-09-08T15:13:34","modified_gmt":"2020-09-08T13:13:34","slug":"home","status":"publish","type":"page","link":"https:\/\/blog.paoloargento.com\/en\/","title":{"rendered":"Home"},"content":{"rendered":"<div data-elementor-type=\"wp-page\" data-elementor-id=\"35\" class=\"elementor elementor-35\">\n\t\t\t\t\t\t<div class=\"elementor-inner\">\n\t\t\t\t<div class=\"elementor-section-wrap\">\n\t\t\t\t\t\t\t\t\t<section class=\"elementor-section elementor-top-section elementor-element elementor-element-5939a86c elementor-section-height-min-height elementor-section-boxed elementor-section-height-default elementor-section-items-middle\" data-id=\"5939a86c\" data-element_type=\"section\" data-settings=\"{&quot;background_background&quot;:&quot;classic&quot;}\">\n\t\t\t\t\t\t\t<div class=\"elementor-background-overlay\"><\/div>\n\t\t\t\t\t\t\t<div class=\"elementor-container elementor-column-gap-no\">\n\t\t\t\t\t\t\t<div class=\"elementor-row\">\n\t\t\t\t\t<div class=\"elementor-column elementor-col-100 elementor-top-column elementor-element elementor-element-6f6a47a9\" data-id=\"6f6a47a9\" data-element_type=\"column\">\n\t\t\t<div class=\"elementor-column-wrap elementor-element-populated\">\n\t\t\t\t\t\t\t<div class=\"elementor-widget-wrap\">\n\t\t\t\t\t\t<div class=\"elementor-element elementor-element-74d36843 elementor-widget elementor-widget-heading\" data-id=\"74d36843\" data-element_type=\"widget\" data-widget_type=\"heading.default\">\n\t\t\t\t<div class=\"elementor-widget-container\">\n\t\t\t<h2 class=\"elementor-heading-title elementor-size-default\">Scented candles and bath salts<\/h2>\t\t<\/div>\n\t\t\t\t<\/div>\n\t\t\t\t<div class=\"elementor-element elementor-element-ffa1734 elementor-widget elementor-widget-heading\" data-id=\"ffa1734\" data-element_type=\"widget\" data-widget_type=\"heading.default\">\n\t\t\t\t<div class=\"elementor-widget-container\">\n\t\t\t<h1 class=\"elementor-heading-title elementor-size-default\">Paolo Argento<\/h1>\t\t<\/div>\n\t\t\t\t<\/div>\n\t\t\t\t\t\t<\/div>\n\t\t\t\t\t<\/div>\n\t\t<\/div>\n\t\t\t\t\t\t\t\t<\/div>\n\t\t\t\t\t<\/div>\n\t\t<\/section>\n\t\t\t\t<section class=\"elementor-section elementor-top-section elementor-element elementor-element-1e373ee elementor-section-height-min-height elementor-section-boxed elementor-section-height-default elementor-section-items-middle\" data-id=\"1e373ee\" data-element_type=\"section\">\n\t\t\t\t\t\t<div class=\"elementor-container elementor-column-gap-default\">\n\t\t\t\t\t\t\t<div class=\"elementor-row\">\n\t\t\t\t\t<div class=\"elementor-column elementor-col-100 elementor-top-column elementor-element elementor-element-e07d123\" data-id=\"e07d123\" data-element_type=\"column\">\n\t\t\t<div class=\"elementor-column-wrap elementor-element-populated\">\n\t\t\t\t\t\t\t<div class=\"elementor-widget-wrap\">\n\t\t\t\t\t\t<div class=\"elementor-element elementor-element-d19f625 elementor-widget elementor-widget-heading\" data-id=\"d19f625\" data-element_type=\"widget\" data-widget_type=\"heading.default\">\n\t\t\t\t<div class=\"elementor-widget-container\">\n\t\t\t<h1 class=\"elementor-heading-title elementor-size-default\">New posts<\/h1>\t\t<\/div>\n\t\t\t\t<\/div>\n\t\t\t\t\t\t<\/div>\n\t\t\t\t\t<\/div>\n\t\t<\/div>\n\t\t\t\t\t\t\t\t<\/div>\n\t\t\t\t\t<\/div>\n\t\t<\/section>\n\t\t\t\t<section class=\"elementor-section elementor-top-section elementor-element elementor-element-b82635a elementor-section-boxed elementor-section-height-default elementor-section-height-default\" data-id=\"b82635a\" data-element_type=\"section\">\n\t\t\t\t\t\t<div class=\"elementor-container elementor-column-gap-default\">\n\t\t\t\t\t\t\t<div class=\"elementor-row\">\n\t\t\t\t\t<div class=\"elementor-column elementor-col-100 elementor-top-column elementor-element elementor-element-cad42a7\" data-id=\"cad42a7\" data-element_type=\"column\">\n\t\t\t<div class=\"elementor-column-wrap elementor-element-populated\">\n\t\t\t\t\t\t\t<div class=\"elementor-widget-wrap\">\n\t\t\t\t\t\t<div class=\"elementor-element elementor-element-064e98e premium-blog-align-left elementor-widget elementor-widget-premium-addon-blog\" data-id=\"064e98e\" data-element_type=\"widget\" data-settings=\"{&quot;premium_blog_grid&quot;:&quot;yes&quot;,&quot;premium_blog_layout&quot;:&quot;even&quot;,&quot;premium_blog_columns_number&quot;:&quot;50%&quot;,&quot;premium_blog_columns_number_tablet&quot;:&quot;50%&quot;,&quot;premium_blog_columns_number_mobile&quot;:&quot;100%&quot;}\" data-widget_type=\"premium-addon-blog.default\">\n\t\t\t\t<div class=\"elementor-widget-container\">\n\t\t\t\r\n\t\t\t\t<div class=\"premium-blog-wrap  premium-blog-even\" data-page=\"35\">\r\n\t\t\t\t\t<div class=\"premium-blog-post-outer-container\" data-total=\"1\">\n\t\t\t<div class=\"premium-blog-post-container premium-blog-skin-classic\">\n\t\t\t\t\t\t\t\t\t\t\t\t<div class=\"premium-blog-content-wrapper empty-thumb\">\n\n\t\t\t\t\t<div class=\"premium-blog-inner-container\">\n\n\t\t\t\t\t\t\t\t\t\t\t\t\t\t<h3 class=\"premium-blog-entry-title\">\n\t\t\t<a href=\"https:\/\/blog.paoloargento.com\/en\/sole-kapielowe-paolo-argento\/\" target=\"_blank\">\n\t\t\t\tSole k\u0105pielowe Paolo Argento\t\t\t<\/a>\n\t\t<\/h3>\n\t\t\t\t<div class=\"premium-blog-entry-meta\">\n\t\t\t\n\t\t\t\n\t\t\t\n\t\t\t\t\t<\/div>\n\t\t\n\t\t\t\t\t<\/div>\n\n\t\t\t\t\t<p class=\"premium-blog-post-content\">K\u0105piel to jedna z najlepszych sposob\u00f3w na relaks i regeneracj\u0119 po ci\u0119\u017ckim dniu. Aby zwi\u0119kszy\u0107 korzy\u015bci wynikaj\u0105ce z tej praktyki, warto skorzysta\u0107 \u2026<\/p>\t\t\t\t\t\n\t\t\t\t<\/div>\n\t\t\t<\/div>\n\t\t<\/div>\n\n\t\t\t\t<div class=\"premium-blog-post-outer-container\" data-total=\"1\">\n\t\t\t<div class=\"premium-blog-post-container premium-blog-skin-classic\">\n\t\t\t\t\t\t\t\t\t\t\t\t<div class=\"premium-blog-content-wrapper empty-thumb\">\n\n\t\t\t\t\t<div class=\"premium-blog-inner-container\">\n\n\t\t\t\t\t\t\t\t\t\t\t\t\t\t<h3 class=\"premium-blog-entry-title\">\n\t\t\t<a href=\"https:\/\/blog.paoloargento.com\/en\/soy-candles-a-sustainable-and-eco-friendly-choice\/\" target=\"_blank\">\n\t\t\t\tSoy Candles &#8211; A Sustainable and Eco-Friendly Choice\t\t\t<\/a>\n\t\t<\/h3>\n\t\t\t\t<div class=\"premium-blog-entry-meta\">\n\t\t\t\n\t\t\t\n\t\t\t\n\t\t\t\t\t<\/div>\n\t\t\n\t\t\t\t\t<\/div>\n\n\t\t\t\t\t<p class=\"premium-blog-post-content\">Soy Candles &#8211; A Sustainable and Eco-Friendly Choice Candles have been a part of human history for centuries, used for lighting, decoration, \u2026<\/p>\t\t\t\t\t\n\t\t\t\t<\/div>\n\t\t\t<\/div>\n\t\t<\/div>\n\n\t\t\t\t<div class=\"premium-blog-post-outer-container\" data-total=\"1\">\n\t\t\t<div class=\"premium-blog-post-container premium-blog-skin-classic\">\n\t\t\t\t\t\t\t\t\t\t\t\t<div class=\"premium-blog-content-wrapper empty-thumb\">\n\n\t\t\t\t\t<div class=\"premium-blog-inner-container\">\n\n\t\t\t\t\t\t\t\t\t\t\t\t\t\t<h3 class=\"premium-blog-entry-title\">\n\t\t\t<a href=\"https:\/\/blog.paoloargento.com\/en\/swieczka-zapachowa-z-logo-jako-pomysl-na-gadzet-firmowy\/\" target=\"_blank\">\n\t\t\t\t\u015awieczka zapachowa z logo jako pomys\u0142 na gad\u017cet firmowy\t\t\t<\/a>\n\t\t<\/h3>\n\t\t\t\t<div class=\"premium-blog-entry-meta\">\n\t\t\t\n\t\t\t\n\t\t\t\n\t\t\t\t\t<\/div>\n\t\t\n\t\t\t\t\t<\/div>\n\n\t\t\t\t\t<p class=\"premium-blog-post-content\">\u015awieczka jest elementem dekoracyjnym, kt\u00f3ry tworzy niepowtarzalny nastr\u00f3j. Delikatny p\u0142omie\u0144 i przyjemna wo\u0144, jak\u0105 wydzielaj\u0105 \u015bwiece zapachowe sprawiaj\u0105, \u017ce ka\u017cdemu pomieszczeniu nadaj\u0105 \u2026<\/p>\t\t\t\t\t\n\t\t\t\t<\/div>\n\t\t\t<\/div>\n\t\t<\/div>\n\n\t\t\t\t<div class=\"premium-blog-post-outer-container\" data-total=\"1\">\n\t\t\t<div class=\"premium-blog-post-container premium-blog-skin-classic\">\n\t\t\t\t\t\t\t\t\t<div class=\"premium-blog-thumb-effect-wrapper\">\n\t\t\t\t\t\t<div class=\"premium-blog-thumbnail-container premium-blog-zoomin-effect\">\n\t\t\t\t\t\t\t<img decoding=\"async\" width=\"2560\" height=\"1707\" src=\"https:\/\/blog.paoloargento.com\/wp-content\/uploads\/2020\/11\/DSC7779-scaled.jpg\" class=\"attachment-full size-full wp-image-374\" alt=\"\" loading=\"lazy\" srcset=\"https:\/\/blog.paoloargento.com\/wp-content\/uploads\/2020\/11\/DSC7779-scaled.jpg 2560w, https:\/\/blog.paoloargento.com\/wp-content\/uploads\/2020\/11\/DSC7779-300x200.jpg 300w, https:\/\/blog.paoloargento.com\/wp-content\/uploads\/2020\/11\/DSC7779-1024x683.jpg 1024w, https:\/\/blog.paoloargento.com\/wp-content\/uploads\/2020\/11\/DSC7779-768x512.jpg 768w, https:\/\/blog.paoloargento.com\/wp-content\/uploads\/2020\/11\/DSC7779-1536x1024.jpg 1536w, https:\/\/blog.paoloargento.com\/wp-content\/uploads\/2020\/11\/DSC7779-2048x1365.jpg 2048w\" sizes=\"(max-width: 2560px) 100vw, 2560px\" \/>\t\t\t\t\t\t<\/div>\n\t\t\t\t\t\t\t\t\t\t\t\t\t<div class=\"premium-blog-thumbnail-overlay\">\n\t\t\t\t\t\t\t\t<a class=\"elementor-icon\" href=\"https:\/\/blog.paoloargento.com\/en\/zapachy-paolo-argento\/\" target=\"_blank\" aria-hidden=\"true\"><\/a>\n\t\t\t\t\t\t\t<\/div>\n\t\t\t\t\t\t\t\t\t\t\t<\/div>\n\t\t\t\t\t\t\t\t\t\t\t\t<div class=\"premium-blog-content-wrapper\">\n\n\t\t\t\t\t<div class=\"premium-blog-inner-container\">\n\n\t\t\t\t\t\t\t\t\t\t\t\t\t\t<h3 class=\"premium-blog-entry-title\">\n\t\t\t<a href=\"https:\/\/blog.paoloargento.com\/en\/zapachy-paolo-argento\/\" target=\"_blank\">\n\t\t\t\tZAPACHY PAOLO ARGENTO\t\t\t<\/a>\n\t\t<\/h3>\n\t\t\t\t<div class=\"premium-blog-entry-meta\">\n\t\t\t\n\t\t\t\n\t\t\t\n\t\t\t\t\t<\/div>\n\t\t\n\t\t\t\t\t<\/div>\n\n\t\t\t\t\t<p class=\"premium-blog-post-content\">Wszystkie nasze zapachy s\u0105 starannie wyselekcjonowane i inspirowane pasj\u0105 do podr\u00f3\u017cy. Ka\u017cdy z nich to po\u0142\u0105czenie kilku nut zapachowych, kt\u00f3re przenios\u0105 w \u2026<\/p>\t\t\t\t\t\n\t\t\t\t<\/div>\n\t\t\t<\/div>\n\t\t<\/div>\n\n\t\t\t\t<\/div>\r\n\r\n\t\t\t\t<\/div>\n\t\t\t\t<\/div>\n\t\t\t\t<div class=\"elementor-element elementor-element-6f43f71 elementor-widget elementor-widget-spacer\" data-id=\"6f43f71\" data-element_type=\"widget\" data-widget_type=\"spacer.default\">\n\t\t\t\t<div class=\"elementor-widget-container\">\n\t\t\t\t\t<div class=\"elementor-spacer\">\n\t\t\t<div class=\"elementor-spacer-inner\"><\/div>\n\t\t<\/div>\n\t\t\t\t<\/div>\n\t\t\t\t<\/div>\n\t\t\t\t\t\t<\/div>\n\t\t\t\t\t<\/div>\n\t\t<\/div>\n\t\t\t\t\t\t\t\t<\/div>\n\t\t\t\t\t<\/div>\n\t\t<\/section>\n\t\t\t\t\t\t\t\t\t<\/div>\n\t\t\t<\/div>\n\t\t\t\t\t<\/div>","protected":false},"excerpt":{"rendered":"<p>\u015awiece zapachowe i sole do k\u0105pieli Paolo Argento Najnowsze wpisy rarara rearerarrarara abc def test test Witaj, \u015bwiecie! Witamy w WordPressie. To jest tw\u00f3j pierwszy post. Edytuj go lub usu\u0144, a nast\u0119pnie zacznij pisa\u0107!<\/p>","protected":false},"author":3,"featured_media":0,"parent":0,"menu_order":0,"comment_status":"closed","ping_status":"closed","template":"","meta":{"_uag_custom_page_level_css":""},"uagb_featured_image_src":{"full":false,"thumbnail":false,"medium":false,"medium_large":false,"large":false,"1536x1536":false,"2048x2048":false,"trp-custom-language-flag":false},"uagb_author_info":{"display_name":"Pawe\u0142","author_link":"https:\/\/blog.paoloargento.com\/en\/author\/pawel\/"},"uagb_comment_info":0,"uagb_excerpt":"\u015awiece zapachowe i sole do k\u0105pieli Paolo Argento Najnowsze wpisy rarara rearerarrarara abc def test test Witaj, \u015bwiecie! Witamy w WordPressie. To jest tw\u00f3j pierwszy post. Edytuj go lub usu\u0144, a nast\u0119pnie zacznij pisa\u0107!","_links":{"self":[{"href":"https:\/\/blog.paoloargento.com\/en\/wp-json\/wp\/v2\/pages\/35"}],"collection":[{"href":"https:\/\/blog.paoloargento.com\/en\/wp-json\/wp\/v2\/pages"}],"about":[{"href":"https:\/\/blog.paoloargento.com\/en\/wp-json\/wp\/v2\/types\/page"}],"author":[{"embeddable":true,"href":"https:\/\/blog.paoloargento.com\/en\/wp-json\/wp\/v2\/users\/3"}],"replies":[{"embeddable":true,"href":"https:\/\/blog.paoloargento.com\/en\/wp-json\/wp\/v2\/comments?post=35"}],"version-history":[{"count":26,"href":"https:\/\/blog.paoloargento.com\/en\/wp-json\/wp\/v2\/pages\/35\/revisions"}],"predecessor-version":[{"id":383,"href":"https:\/\/blog.paoloargento.com\/en\/wp-json\/wp\/v2\/pages\/35\/revisions\/383"}],"wp:attachment":[{"href":"https:\/\/blog.paoloargento.com\/en\/wp-json\/wp\/v2\/media?parent=35"}],"curies":[{"name":"wp","href":"https:\/\/api.w.org\/{rel}","templated":true}]}}